{"id":13,"date":"2026-01-13T20:30:23","date_gmt":"2026-01-13T20:30:23","guid":{"rendered":"https:\/\/hidraulicantc.com.ar\/wordpress\/?page_id=13"},"modified":"2026-01-15T18:30:34","modified_gmt":"2026-01-15T18:30:34","slug":"inicio","status":"publish","type":"page","link":"https:\/\/hidraulicantc.com.ar\/","title":{"rendered":""},"content":{"rendered":"\t\t<div data-elementor-type=\"wp-page\" data-elementor-id=\"13\" class=\"elementor elementor-13\">\n\t\t\t\t<div class=\"elementor-element elementor-element-d18f60e e-flex e-con-boxed e-con e-parent\" data-id=\"d18f60e\" data-element_type=\"container\">\n\t\t\t\t\t<div class=\"e-con-inner\">\n\t\t\t\t<div class=\"elementor-element elementor-element-f7887aa elementor-widget elementor-widget-image\" data-id=\"f7887aa\" data-element_type=\"widget\" data-widget_type=\"image.default\">\n\t\t\t\t\t\t\t\t\t\t\t\t\t\t\t<img decoding=\"async\" src=\"https:\/\/hidraulicantc.com.ar\/wordpress\/wp-content\/uploads\/2026\/01\/EE.png\" title=\"EE\" alt=\"EE\" loading=\"lazy\" \/>\t\t\t\t\t\t\t\t\t\t\t\t\t\t\t<\/div>\n\t\t\t\t\t<\/div>\n\t\t\t\t<\/div>\n\t\t<div class=\"elementor-element elementor-element-d65f954 e-flex e-con-boxed e-con e-parent\" data-id=\"d65f954\" data-element_type=\"container\">\n\t\t\t\t\t<div class=\"e-con-inner\">\n\t\t\t\t<div class=\"elementor-element elementor-element-c84c410 elementor-widget elementor-widget-heading\" data-id=\"c84c410\" data-element_type=\"widget\" data-widget_type=\"heading.default\">\n\t\t\t\t\t<h2 class=\"elementor-heading-title elementor-size-default\">Fabricaci\u00f3n, reparaci\u00f3n y asesoramiento t\u00e9cnico en sistemas hidr\u00e1ulicos.<br><br><span style=\"font-size: 20px;font-weight: 400;text-align: start\">Ofrecemos una amplia gama de mangueras industriales y accesorios dise\u00f1ados para satisfacer las necesidades m\u00e1s exigentes de diversos sectores productivos.<\/span><\/h2>\t\t\t\t<\/div>\n\t\t\t\t\t<\/div>\n\t\t\t\t<\/div>\n\t\t<div class=\"elementor-element elementor-element-77f6dda e-flex e-con-boxed e-con e-parent\" data-id=\"77f6dda\" data-element_type=\"container\">\n\t\t\t\t\t<div class=\"e-con-inner\">\n\t\t<div class=\"elementor-element elementor-element-22c039c e-con-full e-flex e-con e-child\" data-id=\"22c039c\" data-element_type=\"container\">\n\t\t\t\t<div class=\"elementor-element elementor-element-0da6c5f elementor-widget elementor-widget-image\" data-id=\"0da6c5f\" data-element_type=\"widget\" data-widget_type=\"image.default\">\n\t\t\t\t\t\t\t\t\t\t\t\t\t\t\t<img fetchpriority=\"high\" decoding=\"async\" width=\"445\" height=\"577\" src=\"https:\/\/hidraulicantc.com.ar\/wordpress\/wp-content\/uploads\/2026\/01\/777.jpg\" class=\"attachment-large size-large wp-image-116\" alt=\"\" srcset=\"https:\/\/hidraulicantc.com.ar\/wordpress\/wp-content\/uploads\/2026\/01\/777.jpg 445w, https:\/\/hidraulicantc.com.ar\/wordpress\/wp-content\/uploads\/2026\/01\/777-231x300.jpg 231w\" sizes=\"(max-width: 445px) 100vw, 445px\" \/>\t\t\t\t\t\t\t\t\t\t\t\t\t\t\t<\/div>\n\t\t\t\t<div class=\"elementor-element elementor-element-1d1f384 elementor-widget elementor-widget-text-editor\" data-id=\"1d1f384\" data-element_type=\"widget\" data-widget_type=\"text-editor.default\">\n\t\t\t\t\t\t\t\t\t<p>Dise\u00f1adas para operar bajo alta presi\u00f3n, nuestras mangueras hidr\u00e1ulicas son ideales para transmitir fuerza en sistemas de maquinaria pesada, construcci\u00f3n, agr\u00edcola e industrial. Fabricadas con materiales resistentes al desgaste y reforzadas para soportar<\/p>\t\t\t\t\t\t\t\t<\/div>\n\t\t\t\t<\/div>\n\t\t<div class=\"elementor-element elementor-element-9110e98 e-con-full e-flex e-con e-child\" data-id=\"9110e98\" data-element_type=\"container\">\n\t\t\t\t<div class=\"elementor-element elementor-element-5515c21 elementor-widget elementor-widget-image\" data-id=\"5515c21\" data-element_type=\"widget\" data-widget_type=\"image.default\">\n\t\t\t\t\t\t\t\t\t\t\t\t\t\t\t<img decoding=\"async\" width=\"442\" height=\"579\" src=\"https:\/\/hidraulicantc.com.ar\/wordpress\/wp-content\/uploads\/2026\/01\/Screenshot-2026-01-15-122728.jpg\" class=\"attachment-large size-large wp-image-26\" alt=\"\" srcset=\"https:\/\/hidraulicantc.com.ar\/wordpress\/wp-content\/uploads\/2026\/01\/Screenshot-2026-01-15-122728.jpg 442w, https:\/\/hidraulicantc.com.ar\/wordpress\/wp-content\/uploads\/2026\/01\/Screenshot-2026-01-15-122728-229x300.jpg 229w\" sizes=\"(max-width: 442px) 100vw, 442px\" \/>\t\t\t\t\t\t\t\t\t\t\t\t\t\t\t<\/div>\n\t\t\t\t<div class=\"elementor-element elementor-element-ffc2858 elementor-widget elementor-widget-text-editor\" data-id=\"ffc2858\" data-element_type=\"widget\" data-widget_type=\"text-editor.default\">\n\t\t\t\t\t\t\t\t\t<p>Contamos con una l\u00ednea completa de accesorios y conectores dise\u00f1ados para garantizar una instalaci\u00f3n segura, eficiente y duradera de nuestras mangueras. Ofrecemos una amplia variedad de acoples, terminales, abrazaderas, racores y conectores r\u00e1pidos.<\/p>\t\t\t\t\t\t\t\t<\/div>\n\t\t\t\t<\/div>\n\t\t<div class=\"elementor-element elementor-element-7404838 e-con-full e-flex e-con e-child\" data-id=\"7404838\" data-element_type=\"container\">\n\t\t\t\t<div class=\"elementor-element elementor-element-5d567bd elementor-widget elementor-widget-image\" data-id=\"5d567bd\" data-element_type=\"widget\" data-widget_type=\"image.default\">\n\t\t\t\t\t\t\t\t\t\t\t\t\t\t\t<img decoding=\"async\" width=\"445\" height=\"583\" src=\"https:\/\/hidraulicantc.com.ar\/wordpress\/wp-content\/uploads\/2026\/01\/Screenshot-2026-01-15-122915.jpg\" class=\"attachment-large size-large wp-image-28\" alt=\"\" srcset=\"https:\/\/hidraulicantc.com.ar\/wordpress\/wp-content\/uploads\/2026\/01\/Screenshot-2026-01-15-122915.jpg 445w, https:\/\/hidraulicantc.com.ar\/wordpress\/wp-content\/uploads\/2026\/01\/Screenshot-2026-01-15-122915-229x300.jpg 229w\" sizes=\"(max-width: 445px) 100vw, 445px\" \/>\t\t\t\t\t\t\t\t\t\t\t\t\t\t\t<\/div>\n\t\t\t\t<div class=\"elementor-element elementor-element-fd9b689 elementor-widget elementor-widget-text-editor\" data-id=\"fd9b689\" data-element_type=\"widget\" data-widget_type=\"text-editor.default\">\n\t\t\t\t\t\t\t\t\t<p>Complementamos nuestra oferta de productos con servicios profesionales de instalaci\u00f3n, mantenimiento y reparaci\u00f3n. Nuestro equipo t\u00e9cnico especializado garantiza el funcionamiento \u00f3ptimo de sus sistemas de conducci\u00f3n en todo momento.<\/p>\t\t\t\t\t\t\t\t<\/div>\n\t\t\t\t<\/div>\n\t\t<div class=\"elementor-element elementor-element-3473c1a e-con-full e-flex e-con e-child\" data-id=\"3473c1a\" data-element_type=\"container\">\n\t\t\t\t<div class=\"elementor-element elementor-element-18704b6 elementor-widget elementor-widget-image\" data-id=\"18704b6\" data-element_type=\"widget\" data-widget_type=\"image.default\">\n\t\t\t\t\t\t\t\t\t\t\t\t\t\t\t<img loading=\"lazy\" decoding=\"async\" width=\"447\" height=\"583\" src=\"https:\/\/hidraulicantc.com.ar\/wordpress\/wp-content\/uploads\/2026\/01\/4.jpg\" class=\"attachment-large size-large wp-image-109\" alt=\"\" srcset=\"https:\/\/hidraulicantc.com.ar\/wordpress\/wp-content\/uploads\/2026\/01\/4.jpg 447w, https:\/\/hidraulicantc.com.ar\/wordpress\/wp-content\/uploads\/2026\/01\/4-230x300.jpg 230w\" sizes=\"(max-width: 447px) 100vw, 447px\" \/>\t\t\t\t\t\t\t\t\t\t\t\t\t\t\t<\/div>\n\t\t\t\t<div class=\"elementor-element elementor-element-fc67b2a elementor-widget elementor-widget-text-editor\" data-id=\"fc67b2a\" data-element_type=\"widget\" data-widget_type=\"text-editor.default\">\n\t\t\t\t\t\t\t\t\t<p>Vers\u00e1tiles y robustas, nuestras mangueras industriales est\u00e1n pensadas para una amplia gama de aplicaciones generales dentro de plantas fabriles, talleres y entornos industriales. Soportan el transporte de aire, agua, productos qu\u00edmicos y materiales abrasivos.<\/p>\t\t\t\t\t\t\t\t<\/div>\n\t\t\t\t<\/div>\n\t\t\t\t\t<\/div>\n\t\t\t\t<\/div>\n\t\t<div class=\"elementor-element elementor-element-fe81d3c e-flex e-con-boxed e-con e-parent\" data-id=\"fe81d3c\" data-element_type=\"container\">\n\t\t\t\t\t<div class=\"e-con-inner\">\n\t\t\t\t<div class=\"elementor-element elementor-element-d75386f elementor-widget elementor-widget-spacer\" data-id=\"d75386f\" data-element_type=\"widget\" data-widget_type=\"spacer.default\">\n\t\t\t\t\t\t\t<div class=\"elementor-spacer\">\n\t\t\t<div class=\"elementor-spacer-inner\"><\/div>\n\t\t<\/div>\n\t\t\t\t\t\t<\/div>\n\t\t\t\t<div class=\"elementor-element elementor-element-63144f2 elementor-align-center elementor-widget elementor-widget-button\" data-id=\"63144f2\" data-element_type=\"widget\" data-widget_type=\"button.default\">\n\t\t\t\t\t\t\t\t\t\t<a class=\"elementor-button elementor-button-link elementor-size-sm\" href=\"https:\/\/wa.me\/5491161464492\">\n\t\t\t\t\t\t<span class=\"elementor-button-content-wrapper\">\n\t\t\t\t\t\t\t\t\t<span class=\"elementor-button-text\">Contactanos<\/span>\n\t\t\t\t\t<\/span>\n\t\t\t\t\t<\/a>\n\t\t\t\t\t\t\t\t<\/div>\n\t\t\t\t\t<\/div>\n\t\t\t\t<\/div>\n\t\t<div class=\"elementor-element elementor-element-6dca5c5 e-flex e-con-boxed e-con e-parent\" data-id=\"6dca5c5\" data-element_type=\"container\">\n\t\t\t\t\t<div class=\"e-con-inner\">\n\t\t\t\t<div class=\"elementor-element elementor-element-fc928ee elementor-widget elementor-widget-google_maps\" data-id=\"fc928ee\" data-element_type=\"widget\" data-widget_type=\"google_maps.default\">\n\t\t\t\t\t\t\t<div class=\"elementor-custom-embed\">\n\t\t\t<iframe loading=\"lazy\"\n\t\t\t\t\tsrc=\"https:\/\/maps.google.com\/maps?q=casacuberta%20y%20altube%2C%20jose%20c%20paz%2C%20buenos%20aires&#038;t=m&#038;z=15&#038;output=embed&#038;iwloc=near\"\n\t\t\t\t\ttitle=\"casacuberta y altube, jose c paz, buenos aires\"\n\t\t\t\t\taria-label=\"casacuberta y altube, jose c paz, buenos aires\"\n\t\t\t><\/iframe>\n\t\t<\/div>\n\t\t\t\t\t\t<\/div>\n\t\t\t\t\t<\/div>\n\t\t\t\t<\/div>\n\t\t<div class=\"elementor-element elementor-element-fc23a07 e-grid e-con-boxed e-con e-parent\" data-id=\"fc23a07\" data-element_type=\"container\">\n\t\t\t\t\t<div class=\"e-con-inner\">\n\t\t\t\t<div class=\"elementor-element elementor-element-5007b4b elementor-widget elementor-widget-text-editor\" data-id=\"5007b4b\" data-element_type=\"widget\" data-widget_type=\"text-editor.default\">\n\t\t\t\t\t\t\t\t\t<h3 class=\"text-2xl font-bold leading-tight mb-4 text-xl mb-2\">\u00bfPuedo pedir una cotizaci\u00f3n personalizada?<\/h3><p class=\"md:text-lg undefined\">\u00a1Por supuesto! Solo necesitamos que nos env\u00edes la informaci\u00f3n b\u00e1sica del producto que necesitas y te cotizamos en poco tiempo.<\/p>\t\t\t\t\t\t\t\t<\/div>\n\t\t\t\t<div class=\"elementor-element elementor-element-b119ee2 elementor-widget elementor-widget-text-editor\" data-id=\"b119ee2\" data-element_type=\"widget\" data-widget_type=\"text-editor.default\">\n\t\t\t\t\t\t\t\t\t<h3 class=\"text-2xl font-bold leading-tight mb-4 text-xl mb-2\">\u00bfOfrecen garant\u00eda en sus productos?<\/h3><p class=\"md:text-lg undefined\">S\u00ed. Todos nuestros productos tienen garant\u00eda y vienen con certificaciones t\u00e9cnicas como ISO, SAE, entre otras, seg\u00fan el tipo de manguera.<\/p>\t\t\t\t\t\t\t\t<\/div>\n\t\t\t\t\t<\/div>\n\t\t\t\t<\/div>\n\t\t<div class=\"elementor-element elementor-element-aed3fba e-grid e-con-boxed e-con e-parent\" data-id=\"aed3fba\" data-element_type=\"container\">\n\t\t\t\t\t<div class=\"e-con-inner\">\n\t\t\t\t\t<\/div>\n\t\t\t\t<\/div>\n\t\t<div class=\"elementor-element elementor-element-9e8f45e e-grid e-con-boxed e-con e-parent\" data-id=\"9e8f45e\" data-element_type=\"container\">\n\t\t\t\t\t<div class=\"e-con-inner\">\n\t\t\t\t<div class=\"elementor-element elementor-element-a666826 elementor-widget elementor-widget-text-editor\" data-id=\"a666826\" data-element_type=\"widget\" data-widget_type=\"text-editor.default\">\n\t\t\t\t\t\t\t\t\t<p><span style=\"color: #000000;\"><a class=\"transition hover:text-heading-1 hover:scale-105 flex items-center gap-2 justify-center md:justify-start\" style=\"color: #000000; text-decoration: underline;\" href=\"https:\/\/wa.me\/541161464492\" target=\"_blank\" rel=\"noopener noreferrer\"><span class=\"sr-only\">WhatsApp \u00a0<\/span><\/a><a class=\"transition hover:text-heading-1 hover:scale-105 flex items-center gap-2 justify-center md:justify-start\" style=\"color: #000000; text-decoration: underline;\" href=\"https:\/\/wa.me\/541161464492\" target=\"_blank\" rel=\"noopener noreferrer\">1161464492\u00a0\u00a0 \u00a0<\/a><\/span><span style=\"color: #000000;\">Direcci\u00f3n: Casacuberta <a class=\"transition hover:text-heading-1 hover:scale-105 flex items-center gap-2 justify-center md:justify-start\" style=\"color: #000000; text-decoration: underline;\" href=\"https:\/\/www.google.com\/maps\/search\/?api=1&amp;query=Alvarez+prado+2370+Villa+Tesei+Buenos+aires\" target=\"_blank\" rel=\"noopener noreferrer\">5184 &#8211; Jose C. Paz &#8211; Buenos aires<\/a><\/span><\/p><p><span style=\"color: #000000;\"><a class=\"transition hover:text-heading-1 hover:scale-105 flex items-center gap-2 justify-center md:justify-start\" style=\"color: #000000; text-decoration: underline;\" href=\"https:\/\/titan-flex.github.io\/#\">Lunes a Sabado de 8am a 19pm<\/a><\/span><\/p>\t\t\t\t\t\t\t\t<\/div>\n\t\t\t\t\t<\/div>\n\t\t\t\t<\/div>\n\t\t\t\t<\/div>\n\t\t","protected":false},"excerpt":{"rendered":"<p>Fabricaci\u00f3n, reparaci\u00f3n y asesoramiento t\u00e9cnico en sistemas hidr\u00e1ulicos. Ofrecemos una amplia gama de mangueras industriales y accesorios dise\u00f1ados para satisfacer [&hellip;]<\/p>\n","protected":false},"author":1,"featured_media":0,"parent":0,"menu_order":0,"comment_status":"closed","ping_status":"closed","template":"","meta":{"site-sidebar-layout":"no-sidebar","site-content-layout":"","ast-site-content-layout":"full-width-container","site-content-style":"default","site-sidebar-style":"default","ast-global-header-display":"","ast-banner-title-visibility":"","ast-main-header-display":"","ast-hfb-above-header-display":"","ast-hfb-below-header-display":"","ast-hfb-mobile-header-display":"","site-post-title":"","ast-breadcrumbs-content":"","ast-featured-img":"disabled","footer-sml-layout":"","ast-disable-related-posts":"","theme-transparent-header-meta":"","adv-header-id-meta":"","stick-header-meta":"","header-above-stick-meta":"","header-main-stick-meta":"","header-below-stick-meta":"","astra-migrate-meta-layouts":"default","ast-page-background-enabled":"default","ast-page-background-meta":{"desktop":{"background-color":"var(--ast-global-color-5)","background-image":"","background-repeat":"repeat","background-position":"center center","background-size":"auto","background-attachment":"scroll","background-type":"","background-media":"","overlay-type":"","overlay-color":"","overlay-opacity":"","overlay-gradient":""},"tablet":{"background-color":"","background-image":"","background-repeat":"repeat","background-position":"center center","background-size":"auto","background-attachment":"scroll","background-type":"","background-media":"","overlay-type":"","overlay-color":"","overlay-opacity":"","overlay-gradient":""},"mobile":{"background-color":"","background-image":"","background-repeat":"repeat","background-position":"center center","background-size":"auto","background-attachment":"scroll","background-type":"","background-media":"","overlay-type":"","overlay-color":"","overlay-opacity":"","overlay-gradient":""}},"ast-content-background-meta":{"desktop":{"background-color":"var(--ast-global-color-4)","background-image":"","background-repeat":"repeat","background-position":"center center","background-size":"auto","background-attachment":"scroll","background-type":"","background-media":"","overlay-type":"","overlay-color":"","overlay-opacity":"","overlay-gradient":""},"tablet":{"background-color":"var(--ast-global-color-4)","background-image":"","background-repeat":"repeat","background-position":"center center","background-size":"auto","background-attachment":"scroll","background-type":"","background-media":"","overlay-type":"","overlay-color":"","overlay-opacity":"","overlay-gradient":""},"mobile":{"background-color":"var(--ast-global-color-4)","background-image":"","background-repeat":"repeat","background-position":"center center","background-size":"auto","background-attachment":"scroll","background-type":"","background-media":"","overlay-type":"","overlay-color":"","overlay-opacity":"","overlay-gradient":""}},"_joinchat":[],"footnotes":""},"class_list":["post-13","page","type-page","status-publish","hentry"],"_links":{"self":[{"href":"https:\/\/hidraulicantc.com.ar\/index.php\/wp-json\/wp\/v2\/pages\/13","targetHints":{"allow":["GET"]}}],"collection":[{"href":"https:\/\/hidraulicantc.com.ar\/index.php\/wp-json\/wp\/v2\/pages"}],"about":[{"href":"https:\/\/hidraulicantc.com.ar\/index.php\/wp-json\/wp\/v2\/types\/page"}],"author":[{"embeddable":true,"href":"https:\/\/hidraulicantc.com.ar\/index.php\/wp-json\/wp\/v2\/users\/1"}],"replies":[{"embeddable":true,"href":"https:\/\/hidraulicantc.com.ar\/index.php\/wp-json\/wp\/v2\/comments?post=13"}],"version-history":[{"count":84,"href":"https:\/\/hidraulicantc.com.ar\/index.php\/wp-json\/wp\/v2\/pages\/13\/revisions"}],"predecessor-version":[{"id":140,"href":"https:\/\/hidraulicantc.com.ar\/index.php\/wp-json\/wp\/v2\/pages\/13\/revisions\/140"}],"wp:attachment":[{"href":"https:\/\/hidraulicantc.com.ar\/index.php\/wp-json\/wp\/v2\/media?parent=13"}],"curies":[{"name":"wp","href":"https:\/\/api.w.org\/{rel}","templated":true}]}}